{"id":17,"date":"2021-03-16T15:56:20","date_gmt":"2021-03-16T12:56:20","guid":{"rendered":"https:\/\/gebeliktakibim.com\/blog\/?page_id=17"},"modified":"2021-03-16T16:12:13","modified_gmt":"2021-03-16T13:12:13","slug":"japon-takvimi-cinsiyet-tahmini","status":"publish","type":"page","link":"https:\/\/gebeliktakibim.com\/blog\/japon-takvimi-cinsiyet-tahmini\/","title":{"rendered":"Japon Takvimi  Cinsiyet Tahmini"},"content":{"rendered":"\n\r\n    <div class=\"disclaimer-text\">\r\n        <p class=\"lang-tr\" style=\"display: none;\">\u26a0\ufe0f **\u00d6nemli Not:** Sayfa Kald\u0131r\u0131ld\u0131\r\n\u00dczg\u00fcn\u00fcz, bu \u00f6zellik kal\u0131c\u0131 olarak kald\u0131r\u0131ld\u0131.\r\nGoogle Play politikalar\u0131na uymak ve kullan\u0131c\u0131lar\u0131n herhangi bir kar\u0131\u015f\u0131kl\u0131\u011fa u\u011framas\u0131n\u0131 \u00f6nlemek i\u00e7in bu sayfa art\u0131k kullan\u0131lam\u0131yor.\r\nAnlay\u0131\u015f\u0131n\u0131z i\u00e7in te\u015fekk\u00fcr ederiz.<\/p>\r\n        <p class=\"lang-en\" style=\"display: none;\">\u26a0\ufe0f Page Removed\r\nWe\u2019re sorry, this feature has been permanently removed.\r\nTo comply with Google Play policies and to avoid any user confusion, this page is no longer available.\r\nThank you for your understanding.<\/p>\r\n    <\/div>\n\n\n\n<p>gebeliktakibim.com<\/p>\n","protected":false},"excerpt":{"rendered":"<p>gebeliktakibim.com<\/p>\n","protected":false},"author":1,"featured_media":0,"parent":0,"menu_order":0,"comment_status":"closed","ping_status":"closed","template":"","meta":{"_acf_changed":false,"footnotes":""},"class_list":["post-17","page","type-page","status-publish","hentry"],"acf":[],"yoast_head":"<!-- This site is optimized with the Yoast SEO plugin v25.7 - https:\/\/yoast.com\/wordpress\/plugins\/seo\/ -->\n<title>Japon Takvimi Cinsiyet Tahmini - Gebelik Takibim Anne bebek Toplulu\u011fu<\/title>\n<meta name=\"robots\" content=\"index, follow, max-snippet:-1, max-image-preview:large, max-video-preview:-1\" \/>\n<link rel=\"canonical\" href=\"https:\/\/gebeliktakibim.com\/blog\/japon-takvimi-cinsiyet-tahmini\/\" \/>\n<meta property=\"og:locale\" content=\"tr_TR\" \/>\n<meta property=\"og:type\" content=\"article\" \/>\n<meta property=\"og:title\" content=\"Japon Takvimi Cinsiyet Tahmini - Gebelik Takibim Anne bebek Toplulu\u011fu\" \/>\n<meta property=\"og:description\" content=\"gebeliktakibim.com\" \/>\n<meta property=\"og:url\" content=\"https:\/\/gebeliktakibim.com\/blog\/japon-takvimi-cinsiyet-tahmini\/\" \/>\n<meta property=\"og:site_name\" content=\"Gebelik Takibim Anne bebek Toplulu\u011fu\" \/>\n<meta property=\"article:modified_time\" content=\"2021-03-16T13:12:13+00:00\" \/>\n<meta name=\"twitter:card\" content=\"summary_large_image\" \/>\n<script type=\"application\/ld+json\" class=\"yoast-schema-graph\">{\"@context\":\"https:\/\/schema.org\",\"@graph\":[{\"@type\":\"WebPage\",\"@id\":\"https:\/\/gebeliktakibim.com\/blog\/japon-takvimi-cinsiyet-tahmini\/\",\"url\":\"https:\/\/gebeliktakibim.com\/blog\/japon-takvimi-cinsiyet-tahmini\/\",\"name\":\"Japon Takvimi Cinsiyet Tahmini - Gebelik Takibim Anne bebek Toplulu\u011fu\",\"isPartOf\":{\"@id\":\"https:\/\/gebeliktakibim.com\/blog\/#website\"},\"datePublished\":\"2021-03-16T12:56:20+00:00\",\"dateModified\":\"2021-03-16T13:12:13+00:00\",\"breadcrumb\":{\"@id\":\"https:\/\/gebeliktakibim.com\/blog\/japon-takvimi-cinsiyet-tahmini\/#breadcrumb\"},\"inLanguage\":\"tr\",\"potentialAction\":[{\"@type\":\"ReadAction\",\"target\":[\"https:\/\/gebeliktakibim.com\/blog\/japon-takvimi-cinsiyet-tahmini\/\"]}]},{\"@type\":\"BreadcrumbList\",\"@id\":\"https:\/\/gebeliktakibim.com\/blog\/japon-takvimi-cinsiyet-tahmini\/#breadcrumb\",\"itemListElement\":[{\"@type\":\"ListItem\",\"position\":1,\"name\":\"Anasayfa\",\"item\":\"https:\/\/gebeliktakibim.com\/blog\/\"},{\"@type\":\"ListItem\",\"position\":2,\"name\":\"Japon Takvimi Cinsiyet Tahmini\"}]},{\"@type\":\"WebSite\",\"@id\":\"https:\/\/gebeliktakibim.com\/blog\/#website\",\"url\":\"https:\/\/gebeliktakibim.com\/blog\/\",\"name\":\"Gebelik Takibim Anne bebek Toplulu\u011fu\",\"description\":\"Gebellik-hamilelik-annelik\",\"publisher\":{\"@id\":\"https:\/\/gebeliktakibim.com\/blog\/#organization\"},\"potentialAction\":[{\"@type\":\"SearchAction\",\"target\":{\"@type\":\"EntryPoint\",\"urlTemplate\":\"https:\/\/gebeliktakibim.com\/blog\/?s={search_term_string}\"},\"query-input\":{\"@type\":\"PropertyValueSpecification\",\"valueRequired\":true,\"valueName\":\"search_term_string\"}}],\"inLanguage\":\"tr\"},{\"@type\":\"Organization\",\"@id\":\"https:\/\/gebeliktakibim.com\/blog\/#organization\",\"name\":\"Gebelik Takibim Anne bebek Toplulu\u011fu\",\"url\":\"https:\/\/gebeliktakibim.com\/blog\/\",\"logo\":{\"@type\":\"ImageObject\",\"inLanguage\":\"tr\",\"@id\":\"https:\/\/gebeliktakibim.com\/blog\/#\/schema\/logo\/image\/\",\"url\":\"https:\/\/gebeliktakibim.com\/blog\/wp-content\/uploads\/2023\/08\/512.png\",\"contentUrl\":\"https:\/\/gebeliktakibim.com\/blog\/wp-content\/uploads\/2023\/08\/512.png\",\"width\":512,\"height\":512,\"caption\":\"Gebelik Takibim Anne bebek Toplulu\u011fu\"},\"image\":{\"@id\":\"https:\/\/gebeliktakibim.com\/blog\/#\/schema\/logo\/image\/\"}}]}<\/script>\n<!-- \/ Yoast SEO plugin. -->","yoast_head_json":{"title":"Japon Takvimi Cinsiyet Tahmini - Gebelik Takibim Anne bebek Toplulu\u011fu","robots":{"index":"index","follow":"follow","max-snippet":"max-snippet:-1","max-image-preview":"max-image-preview:large","max-video-preview":"max-video-preview:-1"},"canonical":"https:\/\/gebeliktakibim.com\/blog\/japon-takvimi-cinsiyet-tahmini\/","og_locale":"tr_TR","og_type":"article","og_title":"Japon Takvimi Cinsiyet Tahmini - Gebelik Takibim Anne bebek Toplulu\u011fu","og_description":"gebeliktakibim.com","og_url":"https:\/\/gebeliktakibim.com\/blog\/japon-takvimi-cinsiyet-tahmini\/","og_site_name":"Gebelik Takibim Anne bebek Toplulu\u011fu","article_modified_time":"2021-03-16T13:12:13+00:00","twitter_card":"summary_large_image","schema":{"@context":"https:\/\/schema.org","@graph":[{"@type":"WebPage","@id":"https:\/\/gebeliktakibim.com\/blog\/japon-takvimi-cinsiyet-tahmini\/","url":"https:\/\/gebeliktakibim.com\/blog\/japon-takvimi-cinsiyet-tahmini\/","name":"Japon Takvimi Cinsiyet Tahmini - Gebelik Takibim Anne bebek Toplulu\u011fu","isPartOf":{"@id":"https:\/\/gebeliktakibim.com\/blog\/#website"},"datePublished":"2021-03-16T12:56:20+00:00","dateModified":"2021-03-16T13:12:13+00:00","breadcrumb":{"@id":"https:\/\/gebeliktakibim.com\/blog\/japon-takvimi-cinsiyet-tahmini\/#breadcrumb"},"inLanguage":"tr","potentialAction":[{"@type":"ReadAction","target":["https:\/\/gebeliktakibim.com\/blog\/japon-takvimi-cinsiyet-tahmini\/"]}]},{"@type":"BreadcrumbList","@id":"https:\/\/gebeliktakibim.com\/blog\/japon-takvimi-cinsiyet-tahmini\/#breadcrumb","itemListElement":[{"@type":"ListItem","position":1,"name":"Anasayfa","item":"https:\/\/gebeliktakibim.com\/blog\/"},{"@type":"ListItem","position":2,"name":"Japon Takvimi Cinsiyet Tahmini"}]},{"@type":"WebSite","@id":"https:\/\/gebeliktakibim.com\/blog\/#website","url":"https:\/\/gebeliktakibim.com\/blog\/","name":"Gebelik Takibim Anne bebek Toplulu\u011fu","description":"Gebellik-hamilelik-annelik","publisher":{"@id":"https:\/\/gebeliktakibim.com\/blog\/#organization"},"potentialAction":[{"@type":"SearchAction","target":{"@type":"EntryPoint","urlTemplate":"https:\/\/gebeliktakibim.com\/blog\/?s={search_term_string}"},"query-input":{"@type":"PropertyValueSpecification","valueRequired":true,"valueName":"search_term_string"}}],"inLanguage":"tr"},{"@type":"Organization","@id":"https:\/\/gebeliktakibim.com\/blog\/#organization","name":"Gebelik Takibim Anne bebek Toplulu\u011fu","url":"https:\/\/gebeliktakibim.com\/blog\/","logo":{"@type":"ImageObject","inLanguage":"tr","@id":"https:\/\/gebeliktakibim.com\/blog\/#\/schema\/logo\/image\/","url":"https:\/\/gebeliktakibim.com\/blog\/wp-content\/uploads\/2023\/08\/512.png","contentUrl":"https:\/\/gebeliktakibim.com\/blog\/wp-content\/uploads\/2023\/08\/512.png","width":512,"height":512,"caption":"Gebelik Takibim Anne bebek Toplulu\u011fu"},"image":{"@id":"https:\/\/gebeliktakibim.com\/blog\/#\/schema\/logo\/image\/"}}]}},"_links":{"self":[{"href":"https:\/\/gebeliktakibim.com\/blog\/wp-json\/wp\/v2\/pages\/17","targetHints":{"allow":["GET"]}}],"collection":[{"href":"https:\/\/gebeliktakibim.com\/blog\/wp-json\/wp\/v2\/pages"}],"about":[{"href":"https:\/\/gebeliktakibim.com\/blog\/wp-json\/wp\/v2\/types\/page"}],"author":[{"embeddable":true,"href":"https:\/\/gebeliktakibim.com\/blog\/wp-json\/wp\/v2\/users\/1"}],"replies":[{"embeddable":true,"href":"https:\/\/gebeliktakibim.com\/blog\/wp-json\/wp\/v2\/comments?post=17"}],"version-history":[{"count":2,"href":"https:\/\/gebeliktakibim.com\/blog\/wp-json\/wp\/v2\/pages\/17\/revisions"}],"predecessor-version":[{"id":19,"href":"https:\/\/gebeliktakibim.com\/blog\/wp-json\/wp\/v2\/pages\/17\/revisions\/19"}],"wp:attachment":[{"href":"https:\/\/gebeliktakibim.com\/blog\/wp-json\/wp\/v2\/media?parent=17"}],"curies":[{"name":"wp","href":"https:\/\/api.w.org\/{rel}","templated":true}]}}